{"id":582,"date":"2026-02-05T08:53:40","date_gmt":"2026-02-05T08:53:40","guid":{"rendered":"https:\/\/mariaenmanuel.com\/wordpress\/?page_id=582"},"modified":"2026-02-20T22:27:07","modified_gmt":"2026-02-21T04:27:07","slug":"services","status":"publish","type":"page","link":"https:\/\/mariaenmanuel.com\/index.php\/services\/","title":{"rendered":"Services"},"content":{"rendered":"\t\t<div data-elementor-type=\"wp-page\" data-elementor-id=\"582\" class=\"elementor elementor-582\" data-elementor-post-type=\"page\">\n\t\t\t\t\t\t<section class=\"elementor-section elementor-top-section elementor-element elementor-element-82efb43 elementor-section-boxed elementor-section-height-default elementor-section-height-default\" data-id=\"82efb43\" data-element_type=\"section\" data-e-type=\"section\">\n\t\t\t\t\t\t<div class=\"elementor-container elementor-column-gap-default\">\n\t\t\t\t\t<div class=\"elementor-column elementor-col-100 elementor-top-column elementor-element elementor-element-8fea555\" data-id=\"8fea555\" data-element_type=\"column\" data-e-type=\"column\">\n\t\t\t<div class=\"elementor-widget-wrap elementor-element-populated\">\n\t\t\t\t\t\t<div class=\"elementor-element elementor-element-ef5c790 elementor-widget elementor-widget-spacer\" data-id=\"ef5c790\" data-element_type=\"widget\" data-e-type=\"widget\" data-widget_type=\"spacer.default\">\n\t\t\t\t<div class=\"elementor-widget-container\">\n\t\t\t\t\t\t\t<div class=\"elementor-spacer\">\n\t\t\t<div class=\"elementor-spacer-inner\"><\/div>\n\t\t<\/div>\n\t\t\t\t\t\t<\/div>\n\t\t\t\t<\/div>\n\t\t\t\t\t<\/div>\n\t\t<\/div>\n\t\t\t\t\t<\/div>\n\t\t<\/section>\n\t\t\t\t<section class=\"elementor-section elementor-top-section elementor-element elementor-element-07be934 elementor-section-boxed elementor-section-height-default elementor-section-height-default\" data-id=\"07be934\" data-element_type=\"section\" data-e-type=\"section\">\n\t\t\t\t\t\t<div class=\"elementor-container elementor-column-gap-default\">\n\t\t\t\t\t<div class=\"elementor-column elementor-col-20 elementor-top-column elementor-element elementor-element-81e3d15\" data-id=\"81e3d15\" data-element_type=\"column\" data-e-type=\"column\">\n\t\t\t<div class=\"elementor-widget-wrap elementor-element-populated\">\n\t\t\t\t\t\t<div class=\"elementor-element elementor-element-752966d elementor-align-center animated-slow elementor-widget__width-initial elementor-invisible elementor-widget elementor-widget-button\" data-id=\"752966d\" data-element_type=\"widget\" data-e-type=\"widget\" data-settings=\"{&quot;_animation&quot;:&quot;zoomIn&quot;}\" data-widget_type=\"button.default\">\n\t\t\t\t<div class=\"elementor-widget-container\">\n\t\t\t\t\t\t\t\t\t<div class=\"elementor-button-wrapper\">\n\t\t\t\t\t<a class=\"elementor-button elementor-size-sm\" role=\"button\">\n\t\t\t\t\t\t<span class=\"elementor-button-content-wrapper\">\n\t\t\t\t\t\t<span class=\"elementor-button-icon\">\n\t\t\t\t<i aria-hidden=\"true\" class=\"fas fa-music\"><\/i>\t\t\t<\/span>\n\t\t\t\t\t\t\t\t<\/span>\n\t\t\t\t\t<\/a>\n\t\t\t\t<\/div>\n\t\t\t\t\t\t\t\t<\/div>\n\t\t\t\t<\/div>\n\t\t\t\t<div class=\"elementor-element elementor-element-493ff7d elementor-widget__width-initial elementor-widget elementor-widget-heading\" data-id=\"493ff7d\" data-element_type=\"widget\" data-e-type=\"widget\" data-widget_type=\"heading.default\">\n\t\t\t\t<div class=\"elementor-widget-container\">\n\t\t\t\t\t<h2 class=\"elementor-heading-title elementor-size-default\">Music &amp; Talent Lessons<\/h2>\t\t\t\t<\/div>\n\t\t\t\t<\/div>\n\t\t\t\t<div class=\"elementor-element elementor-element-4eaee7b elementor-widget elementor-widget-image\" data-id=\"4eaee7b\" data-element_type=\"widget\" data-e-type=\"widget\" data-widget_type=\"image.default\">\n\t\t\t\t<div class=\"elementor-widget-container\">\n\t\t\t\t\t\t\t\t\t\t\t\t\t\t\t<img alt=\"\" fetchpriority=\"high\" decoding=\"async\" width=\"800\" height=\"470\" src=\"https:\/\/mariaenmanuel.com\/wp-content\/uploads\/2026\/02\/Captura-de-pantalla-2026-02-20-a-las-9.37.00-p.m-1024x602.png\" class=\"attachment-large size-large wp-image-677\" alt=\"\" srcset=\"https:\/\/mariaenmanuel.com\/wp-content\/uploads\/2026\/02\/Captura-de-pantalla-2026-02-20-a-las-9.37.00-p.m-1024x602.png 1024w, https:\/\/mariaenmanuel.com\/wp-content\/uploads\/2026\/02\/Captura-de-pantalla-2026-02-20-a-las-9.37.00-p.m-300x176.png 300w, https:\/\/mariaenmanuel.com\/wp-content\/uploads\/2026\/02\/Captura-de-pantalla-2026-02-20-a-las-9.37.00-p.m-768x451.png 768w, https:\/\/mariaenmanuel.com\/wp-content\/uploads\/2026\/02\/Captura-de-pantalla-2026-02-20-a-las-9.37.00-p.m.png 1106w\" sizes=\"(max-width: 800px) 100vw, 800px\" \/>\t\t\t\t\t\t\t\t\t\t\t\t\t\t\t<\/div>\n\t\t\t\t<\/div>\n\t\t\t\t<div class=\"elementor-element elementor-element-01f3e5d elementor-widget elementor-widget-text-editor\" data-id=\"01f3e5d\" data-element_type=\"widget\" data-e-type=\"widget\" data-widget_type=\"text-editor.default\">\n\t\t\t\t<div class=\"elementor-widget-container\">\n\t\t\t\t\t\t\t\t\t<p><strong>Los procesos\u00a0de\u00a0Mentor\u00eda\u00a0para ni\u00f1os y j\u00f3venes (8 &#8211; 17 a\u00f1os)\u00a0<\/strong>se ofrecen para facilitar el desarrollo y aprendizaje de los j\u00f3venes desde los 8 a\u00f1os de edad, para lograr h\u00e1bitos de estudio, pr\u00e1cticas musicales, planes de aprendizaje, descubrir dones y talentos, mejorar la comunicaci\u00f3n, la empat\u00eda y trabajar la inteligencia emocional, formando\u00a0as\u00ed un individuo integral y cr\u00edtico para hacer una mejor sociedad.<\/p><p>Para ello se elaboraron membres\u00edas y as\u00ed estar acompa\u00f1ando al joven en su proceso de crecimiento, empoderamiento, h\u00e1bitos, autoestima y estudios t\u00e9cnicos para cumplir sus necesidades y objetivos durante su formaci\u00f3n. Trabajamos m\u00fasica, espa\u00f1ol, matem\u00e1ticas, f\u00edsica, ingl\u00e9s, pintura, teatro y otra \u00e1rea de estudio que sea solicitada.<\/p>\t\t\t\t\t\t\t\t<\/div>\n\t\t\t\t<\/div>\n\t\t\t\t\t<\/div>\n\t\t<\/div>\n\t\t\t\t<div class=\"elementor-column elementor-col-20 elementor-top-column elementor-element elementor-element-2c5eaea\" data-id=\"2c5eaea\" data-element_type=\"column\" data-e-type=\"column\">\n\t\t\t<div class=\"elementor-widget-wrap elementor-element-populated\">\n\t\t\t\t\t\t<div class=\"elementor-element elementor-element-f0aa566 elementor-align-center animated-slow elementor-widget__width-initial elementor-invisible elementor-widget elementor-widget-button\" data-id=\"f0aa566\" data-element_type=\"widget\" data-e-type=\"widget\" data-settings=\"{&quot;_animation&quot;:&quot;zoomIn&quot;}\" data-widget_type=\"button.default\">\n\t\t\t\t<div class=\"elementor-widget-container\">\n\t\t\t\t\t\t\t\t\t<div class=\"elementor-button-wrapper\">\n\t\t\t\t\t<a class=\"elementor-button elementor-size-sm\" role=\"button\">\n\t\t\t\t\t\t<span class=\"elementor-button-content-wrapper\">\n\t\t\t\t\t\t<span class=\"elementor-button-icon\">\n\t\t\t\t<i aria-hidden=\"true\" class=\"far fa-grin-alt\"><\/i>\t\t\t<\/span>\n\t\t\t\t\t\t\t\t<\/span>\n\t\t\t\t\t<\/a>\n\t\t\t\t<\/div>\n\t\t\t\t\t\t\t\t<\/div>\n\t\t\t\t<\/div>\n\t\t\t\t<div class=\"elementor-element elementor-element-7c0f419 elementor-widget__width-initial elementor-widget elementor-widget-heading\" data-id=\"7c0f419\" data-element_type=\"widget\" data-e-type=\"widget\" data-widget_type=\"heading.default\">\n\t\t\t\t<div class=\"elementor-widget-container\">\n\t\t\t\t\t<h2 class=\"elementor-heading-title elementor-size-default\">Coaching Individual Session<\/h2>\t\t\t\t<\/div>\n\t\t\t\t<\/div>\n\t\t\t\t<div class=\"elementor-element elementor-element-2379513 elementor-widget elementor-widget-text-editor\" data-id=\"2379513\" data-element_type=\"widget\" data-e-type=\"widget\" data-widget_type=\"text-editor.default\">\n\t\t\t\t<div class=\"elementor-widget-container\">\n\t\t\t\t\t\t\t\t\t<p>El\u00a0<strong>proceso individual\u00a0<\/strong>se da para facilitar el desarrollo de tu potencial y as\u00ed alcanzar objetivos coherentes y cambios en profundidad. En este proceso, el\u00a0<em>especialista\u00a0<\/em>ayuda a las personas en el esclarecer sus metas, ya sean personales, laborales, de relaciones afectivas, entre otros puntos,\u00a0y a ponerse en acci\u00f3n para ir mejorando y ajustando a las adaptaciones.<br \/><br \/><\/p><p>Un tiempo promedio son de 6 a 12 sesiones con 3 objetivos principales. Tambi\u00e9n es importante el ritmo de cada\u00a0personas, dado que hay diversidad de estilos y pensamientos.\u00a0Lo normal es fijar un d\u00eda a la semana de\u00a060 minutos o cada 2 semanas 90 minutos.\u00a0<\/p><p><br \/><br \/><br \/><\/p>\t\t\t\t\t\t\t\t<\/div>\n\t\t\t\t<\/div>\n\t\t\t\t\t<\/div>\n\t\t<\/div>\n\t\t\t\t<div class=\"elementor-column elementor-col-20 elementor-top-column elementor-element elementor-element-6757ad1\" data-id=\"6757ad1\" data-element_type=\"column\" data-e-type=\"column\">\n\t\t\t<div class=\"elementor-widget-wrap elementor-element-populated\">\n\t\t\t\t\t\t<div class=\"elementor-element elementor-element-6fdfe0a elementor-align-center animated-slow elementor-widget__width-initial elementor-invisible elementor-widget elementor-widget-button\" data-id=\"6fdfe0a\" data-element_type=\"widget\" data-e-type=\"widget\" data-settings=\"{&quot;_animation&quot;:&quot;zoomIn&quot;}\" data-widget_type=\"button.default\">\n\t\t\t\t<div class=\"elementor-widget-container\">\n\t\t\t\t\t\t\t\t\t<div class=\"elementor-button-wrapper\">\n\t\t\t\t\t<a class=\"elementor-button elementor-size-sm\" role=\"button\">\n\t\t\t\t\t\t<span class=\"elementor-button-content-wrapper\">\n\t\t\t\t\t\t<span class=\"elementor-button-icon\">\n\t\t\t\t<i aria-hidden=\"true\" class=\"far fa-laugh-beam\"><\/i>\t\t\t<\/span>\n\t\t\t\t\t\t\t\t<\/span>\n\t\t\t\t\t<\/a>\n\t\t\t\t<\/div>\n\t\t\t\t\t\t\t\t<\/div>\n\t\t\t\t<\/div>\n\t\t\t\t<div class=\"elementor-element elementor-element-26caa82 elementor-widget__width-initial elementor-widget elementor-widget-heading\" data-id=\"26caa82\" data-element_type=\"widget\" data-e-type=\"widget\" data-widget_type=\"heading.default\">\n\t\t\t\t<div class=\"elementor-widget-container\">\n\t\t\t\t\t<h2 class=\"elementor-heading-title elementor-size-default\">Laughter Yoga Sessions<\/h2>\t\t\t\t<\/div>\n\t\t\t\t<\/div>\n\t\t\t\t\t<\/div>\n\t\t<\/div>\n\t\t\t\t<div class=\"elementor-column elementor-col-20 elementor-top-column elementor-element elementor-element-b00d692\" data-id=\"b00d692\" data-element_type=\"column\" data-e-type=\"column\">\n\t\t\t<div class=\"elementor-widget-wrap elementor-element-populated\">\n\t\t\t\t\t\t<div class=\"elementor-element elementor-element-c3189c6 elementor-align-center animated-slow elementor-widget__width-initial elementor-invisible elementor-widget elementor-widget-button\" data-id=\"c3189c6\" data-element_type=\"widget\" data-e-type=\"widget\" data-settings=\"{&quot;_animation&quot;:&quot;zoomIn&quot;}\" data-widget_type=\"button.default\">\n\t\t\t\t<div class=\"elementor-widget-container\">\n\t\t\t\t\t\t\t\t\t<div class=\"elementor-button-wrapper\">\n\t\t\t\t\t<a class=\"elementor-button elementor-size-sm\" role=\"button\">\n\t\t\t\t\t\t<span class=\"elementor-button-content-wrapper\">\n\t\t\t\t\t\t<span class=\"elementor-button-icon\">\n\t\t\t\t<i aria-hidden=\"true\" class=\"fas fa-microphone-alt\"><\/i>\t\t\t<\/span>\n\t\t\t\t\t\t\t\t<\/span>\n\t\t\t\t\t<\/a>\n\t\t\t\t<\/div>\n\t\t\t\t\t\t\t\t<\/div>\n\t\t\t\t<\/div>\n\t\t\t\t<div class=\"elementor-element elementor-element-e98cc07 elementor-widget__width-initial elementor-widget elementor-widget-heading\" data-id=\"e98cc07\" data-element_type=\"widget\" data-e-type=\"widget\" data-widget_type=\"heading.default\">\n\t\t\t\t<div class=\"elementor-widget-container\">\n\t\t\t\t\t<h2 class=\"elementor-heading-title elementor-size-default\">Speaker &amp; Workshops<\/h2>\t\t\t\t<\/div>\n\t\t\t\t<\/div>\n\t\t\t\t<div class=\"elementor-element elementor-element-ca14e36 elementor-widget elementor-widget-text-editor\" data-id=\"ca14e36\" data-element_type=\"widget\" data-e-type=\"widget\" data-widget_type=\"text-editor.default\">\n\t\t\t\t<div class=\"elementor-widget-container\">\n\t\t\t\t\t\t\t\t\t<p>Todos los seminarios tienen teor\u00eda y pr\u00e1ctica vivencial, para que la persona pueda experimentar los cambios en el mismo momento de la capacitaci\u00f3n. El tiempo que se estima para cada encuentro va desde los 45 minutos hasta 8 horas, dependiendo de la planificaci\u00f3n seg\u00fan el requerimiento. Tendr\u00e1n la atenci\u00f3n y un lenguaje parametrizado al p\u00fablico con el que se estar\u00e1 interactuando.\u00a0<\/p><h4>A continuaci\u00f3n se listan los seminarios:<\/h4><h4>*Gerencia de proyectos para nuevos talentos<\/h4><h4>*Liderazgo para emprendedores<\/h4><h4>*Yoga de la risa &#8211; Laughter Yoga<\/h4><h4><a href=\"https:\/\/youtu.be\/YYvBaL5ev9c\" target=\"_blank\" rel=\"noopener noreferrer\">*\u00bfC\u00f3mo manejar mi emoci\u00f3n con inteligencia?<\/a><\/h4><h4><a href=\"https:\/\/youtu.be\/mBMssB3OUww\" target=\"_blank\" rel=\"noopener noreferrer\">*Negociaci\u00f3n para resoluci\u00f3n de conflictos<\/a><\/h4><h4>*Circuito de trascendencia integral<\/h4><h4><a href=\"https:\/\/youtu.be\/FJ3H-MwvfKI\" target=\"_blank\" rel=\"noopener noreferrer\">*Cerrando Ciclos<\/a><\/h4><p>Contrataciones: Favor enviar un correo a\u00a0<span id=\"cloak94a2487c0c60a84e5525374b4829693c\"><a href=\"mailto:info@mariaenmanuel.com\">info@mariaenmanuel.com<\/a><\/span>\u00a0con el detalle del requerimiento, para el env\u00edo de la propuesta t\u00e9cnica &#8211; econ\u00f3mica.<\/p>\t\t\t\t\t\t\t\t<\/div>\n\t\t\t\t<\/div>\n\t\t\t\t\t<\/div>\n\t\t<\/div>\n\t\t\t\t<div class=\"elementor-column elementor-col-20 elementor-top-column elementor-element elementor-element-a29f891\" data-id=\"a29f891\" data-element_type=\"column\" data-e-type=\"column\">\n\t\t\t<div class=\"elementor-widget-wrap elementor-element-populated\">\n\t\t\t\t\t\t<div class=\"elementor-element elementor-element-a584e97 elementor-align-center animated-slow elementor-widget__width-initial elementor-invisible elementor-widget elementor-widget-button\" data-id=\"a584e97\" data-element_type=\"widget\" data-e-type=\"widget\" data-settings=\"{&quot;_animation&quot;:&quot;zoomIn&quot;}\" data-widget_type=\"button.default\">\n\t\t\t\t<div class=\"elementor-widget-container\">\n\t\t\t\t\t\t\t\t\t<div class=\"elementor-button-wrapper\">\n\t\t\t\t\t<a class=\"elementor-button elementor-size-sm\" role=\"button\">\n\t\t\t\t\t\t<span class=\"elementor-button-content-wrapper\">\n\t\t\t\t\t\t<span class=\"elementor-button-icon\">\n\t\t\t\t<i aria-hidden=\"true\" class=\"fas fa-drafting-compass\"><\/i>\t\t\t<\/span>\n\t\t\t\t\t\t\t\t<\/span>\n\t\t\t\t\t<\/a>\n\t\t\t\t<\/div>\n\t\t\t\t\t\t\t\t<\/div>\n\t\t\t\t<\/div>\n\t\t\t\t<div class=\"elementor-element elementor-element-fe48045 elementor-widget__width-initial elementor-widget elementor-widget-heading\" data-id=\"fe48045\" data-element_type=\"widget\" data-e-type=\"widget\" data-widget_type=\"heading.default\">\n\t\t\t\t<div class=\"elementor-widget-container\">\n\t\t\t\t\t<h2 class=\"elementor-heading-title elementor-size-default\">Organizational Training<\/h2>\t\t\t\t<\/div>\n\t\t\t\t<\/div>\n\t\t\t\t<div class=\"elementor-element elementor-element-ccdbbc9 elementor-widget elementor-widget-text-editor\" data-id=\"ccdbbc9\" data-element_type=\"widget\" data-e-type=\"widget\" data-widget_type=\"text-editor.default\">\n\t\t\t\t<div class=\"elementor-widget-container\">\n\t\t\t\t\t\t\t\t\t<p>Pensamos en tu organizaci\u00f3n, por lo que generamos propuestas de valor para el desarrollo continuo de tu personal e incrementar y mantener el clima organizacional de clase mundial.<br \/><br \/><\/p><p>Membres\u00edas de Bienestar y Entrenamiento: Mejora continua de los Procesos<\/p><p>Al obtener la membres\u00eda podr\u00e1 disfrutar de varios servicios durante el a\u00f1o con los especialistas que requiera, dado que luego de la valoraci\u00f3n de necesidades, se arma un proyecto y como expertos nos encargamos de crear el equipo de expertos necesarios para la mejora continua de su empresa.<\/p><p>\u00a0<\/p>\t\t\t\t\t\t\t\t<\/div>\n\t\t\t\t<\/div>\n\t\t\t\t\t<\/div>\n\t\t<\/div>\n\t\t\t\t\t<\/div>\n\t\t<\/section>\n\t\t\t\t<section class=\"elementor-section elementor-top-section elementor-element elementor-element-e0e41fa elementor-section-boxed elementor-section-height-default elementor-section-height-default\" data-id=\"e0e41fa\" data-element_type=\"section\" data-e-type=\"section\">\n\t\t\t\t\t\t<div class=\"elementor-container elementor-column-gap-default\">\n\t\t\t\t\t<div class=\"elementor-column elementor-col-33 elementor-top-column elementor-element elementor-element-a3093c2\" data-id=\"a3093c2\" data-element_type=\"column\" data-e-type=\"column\">\n\t\t\t<div class=\"elementor-widget-wrap\">\n\t\t\t\t\t\t\t<\/div>\n\t\t<\/div>\n\t\t\t\t<div class=\"elementor-column elementor-col-33 elementor-top-column elementor-element elementor-element-8131b0f\" data-id=\"8131b0f\" data-element_type=\"column\" data-e-type=\"column\">\n\t\t\t<div class=\"elementor-widget-wrap\">\n\t\t\t\t\t\t\t<\/div>\n\t\t<\/div>\n\t\t\t\t<div class=\"elementor-column elementor-col-33 elementor-top-column elementor-element elementor-element-572cf6a\" data-id=\"572cf6a\" data-element_type=\"column\" data-e-type=\"column\">\n\t\t\t<div class=\"elementor-widget-wrap\">\n\t\t\t\t\t\t\t<\/div>\n\t\t<\/div>\n\t\t\t\t\t<\/div>\n\t\t<\/section>\n\t\t\t\t<section class=\"elementor-section elementor-top-section elementor-element elementor-element-88e0d54 elementor-section-boxed elementor-section-height-default elementor-section-height-default\" data-id=\"88e0d54\" data-element_type=\"section\" data-e-type=\"section\">\n\t\t\t\t\t\t<div class=\"elementor-container elementor-column-gap-default\">\n\t\t\t\t\t<div class=\"elementor-column elementor-col-50 elementor-top-column elementor-element elementor-element-74fd3f9\" data-id=\"74fd3f9\" data-element_type=\"column\" data-e-type=\"column\">\n\t\t\t<div class=\"elementor-widget-wrap elementor-element-populated\">\n\t\t\t\t\t\t<div class=\"elementor-element elementor-element-29d0707 elementor-widget elementor-widget-text-editor\" data-id=\"29d0707\" data-element_type=\"widget\" data-e-type=\"widget\" data-widget_type=\"text-editor.default\">\n\t\t\t\t<div class=\"elementor-widget-container\">\n\t\t\t\t\t\t\t\t\t<p>\u00bfCu\u00e1nto duran las sesiones?<\/p><p>Las sesiones durar\u00e1n lo que necesites. Un tiempo promedio son de 6 a 12 sesiones con 3 objetivos principales. Tambi\u00e9n es importante el ritmo de cada\u00a0personas, dado que hay diversidad de estilos y pensamientos. Es importante agendar\u00a0uno o dos d\u00edas\u00a0a la semana de\u00a060 a 120 minutos.\u00a0\u00a0<\/p><p>\u00a0<\/p>\t\t\t\t\t\t\t\t<\/div>\n\t\t\t\t<\/div>\n\t\t\t\t\t<\/div>\n\t\t<\/div>\n\t\t\t\t<div class=\"elementor-column elementor-col-50 elementor-top-column elementor-element elementor-element-94c4dbe\" data-id=\"94c4dbe\" data-element_type=\"column\" data-e-type=\"column\">\n\t\t\t<div class=\"elementor-widget-wrap elementor-element-populated\">\n\t\t\t\t\t\t<div class=\"elementor-element elementor-element-bd2d98a elementor-widget elementor-widget-text-editor\" data-id=\"bd2d98a\" data-element_type=\"widget\" data-e-type=\"widget\" data-widget_type=\"text-editor.default\">\n\t\t\t\t<div class=\"elementor-widget-container\">\n\t\t\t\t\t\t\t\t\t<p>En l\u00ednea (On-Line)<\/p><p>\u00bfTiene poco tiempo? No se preocupe. Podr\u00e1\u00a0agendar sus encuentros virtuales, desde cualquier lugar con acceso a Internet. Ahora puede avanzar y aprender a su propio ritmo. Se utilizar\u00e1 la videoconferencia por\u00a0Skype o\u00a0Meet de Google,\u00a0podr\u00e1s acceder a un proceso interactivo, directo y en vivo.<\/p><p>Presencial\u00a0<\/p><p>Se agenda la sesi\u00f3n en el lugar acordado con el Especialista. Escribir para validar disponibilidad de agenda.<\/p>\t\t\t\t\t\t\t\t<\/div>\n\t\t\t\t<\/div>\n\t\t\t\t\t<\/div>\n\t\t<\/div>\n\t\t\t\t\t<\/div>\n\t\t<\/section>\n\t\t\t\t<section class=\"elementor-section elementor-top-section elementor-element elementor-element-ec34c4b elementor-section-boxed elementor-section-height-default elementor-section-height-default\" data-id=\"ec34c4b\" data-element_type=\"section\" data-e-type=\"section\">\n\t\t\t\t\t\t<div class=\"elementor-container elementor-column-gap-default\">\n\t\t\t\t\t<div class=\"elementor-column elementor-col-50 elementor-top-column elementor-element elementor-element-217ec68\" data-id=\"217ec68\" data-element_type=\"column\" data-e-type=\"column\">\n\t\t\t<div class=\"elementor-widget-wrap\">\n\t\t\t\t\t\t\t<\/div>\n\t\t<\/div>\n\t\t\t\t<div class=\"elementor-column elementor-col-50 elementor-top-column elementor-element elementor-element-508beb2\" data-id=\"508beb2\" data-element_type=\"column\" data-e-type=\"column\">\n\t\t\t<div class=\"elementor-widget-wrap\">\n\t\t\t\t\t\t\t<\/div>\n\t\t<\/div>\n\t\t\t\t\t<\/div>\n\t\t<\/section>\n\t\t\t\t<section class=\"elementor-section elementor-top-section elementor-element elementor-element-c363d5d elementor-section-boxed elementor-section-height-default elementor-section-height-default\" data-id=\"c363d5d\" data-element_type=\"section\" data-e-type=\"section\">\n\t\t\t\t\t\t<div class=\"elementor-container elementor-column-gap-default\">\n\t\t\t\t\t<div class=\"elementor-column elementor-col-100 elementor-top-column elementor-element elementor-element-5b1d7a3\" data-id=\"5b1d7a3\" data-element_type=\"column\" data-e-type=\"column\">\n\t\t\t<div class=\"elementor-widget-wrap elementor-element-populated\">\n\t\t\t\t\t\t<div class=\"elementor-element elementor-element-5c52038 elementor-widget elementor-widget-text-editor\" data-id=\"5c52038\" data-element_type=\"widget\" data-e-type=\"widget\" data-widget_type=\"text-editor.default\">\n\t\t\t\t<div class=\"elementor-widget-container\">\n\t\t\t\t\t\t\t\t\t<p>Objetivos<\/p><table><tbody><tr><td>\u00a0<\/td><td><p>\u00a0Guiar caminos para que logres tus prop\u00f3sitos, \u00a0metas y\u00a0objetivos<\/p><\/td><td><p>\u00a0<\/p><\/td><td><p>Ayudarte en tu negocio o empresa como consultores, asesores y expertos<\/p><\/td><td><p>\u00a0<\/p><\/td><td><p>Apoyarte en el darte cuenta que\u00a0cuentas con varias\u00a0soluciones a tu alcance<\/p><\/td><td>\u00a0<\/td><\/tr><tr><td>\u00a0<\/td><td><p>\u00a0Capacitar en proesos para el manejo de los duelos, perdidas y abandonos en cuanto a personas y mascotas<\/p><\/td><td><p>\u00a0<\/p><\/td><td><p>Entrenarte para que vayas creando\u00a0un equilibrio con varios mecanismos de defensa<\/p><\/td><td><p>\u00a0<\/p><\/td><td><p>Desbloquear\u00a0lo que no te permita observar y usar al m\u00e1ximo tus dones, talentos o competencias desarrolladas<\/p><\/td><td>\u00a0<\/td><\/tr><tr><td>\u00a0<\/td><td><p>Establecer en conjunto una gesti\u00f3n\u00a0personal y\u00a0profesional<\/p><\/td><td><p>\u00a0<\/p><\/td><td><p>Orientarte en las\u00a0soluciones, emprendimientos o caminos<\/p><\/td><td><p>\u00a0<\/p><\/td><td><p>Acompa\u00f1ar\u00a0durante tu vida (Life)\u00a0hasta la muerte<\/p><\/td><\/tr><\/tbody><\/table>\t\t\t\t\t\t\t\t<\/div>\n\t\t\t\t<\/div>\n\t\t\t\t\t<\/div>\n\t\t<\/div>\n\t\t\t\t\t<\/div>\n\t\t<\/section>\n\t\t\t\t<section class=\"elementor-section elementor-top-section elementor-element elementor-element-b4a33e1 elementor-section-boxed elementor-section-height-default elementor-section-height-default\" data-id=\"b4a33e1\" data-element_type=\"section\" data-e-type=\"section\">\n\t\t\t\t\t\t<div class=\"elementor-container elementor-column-gap-default\">\n\t\t\t\t\t<div class=\"elementor-column elementor-col-100 elementor-top-column elementor-element elementor-element-6ca3678\" data-id=\"6ca3678\" data-element_type=\"column\" data-e-type=\"column\">\n\t\t\t<div class=\"elementor-widget-wrap\">\n\t\t\t\t\t\t\t<\/div>\n\t\t<\/div>\n\t\t\t\t\t<\/div>\n\t\t<\/section>\n\t\t\t\t<\/div>\n\t\t","protected":false},"excerpt":{"rendered":"<p>Music &amp; Talent Lessons Los procesos\u00a0de\u00a0Mentor\u00eda\u00a0para ni\u00f1os y j\u00f3venes (8 &#8211; 17 a\u00f1os)\u00a0se ofrecen para facilitar el desarrollo y aprendizaje de los j\u00f3venes desde los 8 a\u00f1os de edad, para lograr h\u00e1bitos de estudio, pr\u00e1cticas musicales, planes de aprendizaje, descubrir dones y talentos, mejorar la comunicaci\u00f3n, la empat\u00eda y trabajar la inteligencia emocional, formando\u00a0as\u00ed un [&hellip;]<\/p>\n","protected":false},"author":1,"featured_media":0,"parent":0,"menu_order":0,"comment_status":"closed","ping_status":"closed","template":"","meta":{"_seopress_robots_primary_cat":"","_seopress_titles_title":"Services - Maria Enmanuel","_seopress_titles_desc":"Past Engagements speaker teacher Archive Professional lessons professor maestro training Global Illinois Schaumburg Chicago Hoffman Barrington Retrospective Journey Reflections Reflexiones Legacy Impact Action Workshops Conferences Speaking Teaching University PK-12 School music Ukulele Guitar Piano Art","_seopress_robots_index":"yes","footnotes":""},"class_list":["post-582","page","type-page","status-publish","hentry"],"jetpack_sharing_enabled":true,"_links":{"self":[{"href":"https:\/\/mariaenmanuel.com\/index.php\/wp-json\/wp\/v2\/pages\/582","targetHints":{"allow":["GET"]}}],"collection":[{"href":"https:\/\/mariaenmanuel.com\/index.php\/wp-json\/wp\/v2\/pages"}],"about":[{"href":"https:\/\/mariaenmanuel.com\/index.php\/wp-json\/wp\/v2\/types\/page"}],"author":[{"embeddable":true,"href":"https:\/\/mariaenmanuel.com\/index.php\/wp-json\/wp\/v2\/users\/1"}],"replies":[{"embeddable":true,"href":"https:\/\/mariaenmanuel.com\/index.php\/wp-json\/wp\/v2\/comments?post=582"}],"version-history":[{"count":55,"href":"https:\/\/mariaenmanuel.com\/index.php\/wp-json\/wp\/v2\/pages\/582\/revisions"}],"predecessor-version":[{"id":725,"href":"https:\/\/mariaenmanuel.com\/index.php\/wp-json\/wp\/v2\/pages\/582\/revisions\/725"}],"wp:attachment":[{"href":"https:\/\/mariaenmanuel.com\/index.php\/wp-json\/wp\/v2\/media?parent=582"}],"curies":[{"name":"wp","href":"https:\/\/api.w.org\/{rel}","templated":true}]}}